{"id":38,"date":"2017-07-21T21:16:42","date_gmt":"2017-07-21T21:16:42","guid":{"rendered":"http:\/\/physio-bueren.ch\/wp\/?page_id=38"},"modified":"2018-09-25T21:26:37","modified_gmt":"2018-09-25T21:26:37","slug":"ueber-mich","status":"publish","type":"page","link":"https:\/\/physio-bueren.ch\/wp\/?page_id=38","title":{"rendered":"\u00dcBER MICH"},"content":{"rendered":"<p>Ich habe mit der Ausbildung zur Physiotherapeutin meinen Traumberuf gefunden. 2009 habe ich mein Diplom erhalten und seither viele Erfahrungen gesammelt.<\/p>\n<p>Von 2009 \u2013 2011 arbeitete ich bei Theres Maibach in der Physiotherapie Bottmingen und von 2011 \u2013 2014 bei Sabina Burkhard in der Physiotherapie Bubendorf. W\u00e4hrend dieser Zeit besuchte ich regelm\u00e4ssig die folgenden Weiterbildungen:<\/p>\n<p>&nbsp;<\/p>\n<ul>\n<li>Massagetechniken nach Hentschel<\/li>\n<li>SAMT Sportbetreuerkurse 1 \u2013 3<\/li>\n<li>Kinesiotaping Basiskurs und Aufbaukurs<\/li>\n<li>Triggerpunkttherapie und Dryneedling mit Zertifizierung (praktische und theoretische Pr\u00fcfung) IMTT<\/li>\n<li>FOI Basiskurs und Repetitionstage (weiter in Ausbildung)<\/li>\n<li>Pilates Mattentraining Polestar<\/li>\n<li>Nordicwalking Instructor Zurzach<\/li>\n<\/ul>\n<p>&nbsp;<\/p>\n<p>Zuvor war ich bis zur Matur viele Jahre aktive Synchronschwimmerin. Viele Trainings, viele Wettk\u00e4mpfe und daneben die Schule pr\u00e4gten mein Leben. Und ich habe es geliebt. Nach dieser aktiven Zeit machte ich Bekanntschaft mit Triathlon. Hier standen weniger die Wettk\u00e4mpfe im Vordergrund, viel mehr die Freude am Ausdauertraining und der Kontakt mit den Menschen, die mich begleiteten. Lange Zeit war ich dort auch als Trainerin f\u00fcr den Nachwuchs t\u00e4tig.<\/p>\n<p>Heute freue ich mich an der Bewegung draussen in der Natur zusammen mit meinem Mann, unseren drei Kindern (geboren 2014, 2016 und 2018) und unseren beiden Huskies.<\/p>\n<p>Seit dem 1. Mai 2017 habe ich nun meine eigene Physio Praxis er\u00f6ffnet. Es ist f\u00fcr mich ideal, als selbst\u00e4ndige Physiotherapeutin meinen Beruf wieder leben zu k\u00f6nnen, dies nach einer intensiven Zeit als Vollzeit \u2013 Mami.<\/p>\n<p>Bewegung geh\u00f6rt zu meinem Leben, steigert mein Wohlbefinden und ist mein t\u00e4glicher Begleiter. Mir ist es wichtig, auch meinen Patienten zu ihrem Wohlbefinden verhelfen zu k\u00f6nnen ihnen etwas von meiner Begeisterung mit zu geben. Mit meinem Fachwissen, m\u00f6chte ich jeden beim Erreichen seiner individuellen Ziele unterst\u00fctzen.<\/p>\n","protected":false},"excerpt":{"rendered":"<p>Ich habe mit der Ausbildung zur Physiotherapeutin meinen Traumberuf gefunden. 2009 habe ich mein Diplom erhalten und seither viele Erfahrungen gesammelt. Von 2009 \u2013 2011 arbeitete ich bei Theres Maibach in der Physiotherapie Bottmingen und von 2011 \u2013 2014 bei Sabina Burkhard in der Physiotherapie Bubendorf. W\u00e4hrend dieser Zeit besuchte ich regelm\u00e4ssig die folgenden Weiterbildungen: &nbsp; Massagetechniken nach Hentschel SAMT<\/p>\n","protected":false},"author":1,"featured_media":0,"parent":0,"menu_order":0,"comment_status":"closed","ping_status":"closed","template":"template-fullwidth.php","meta":[],"_links":{"self":[{"href":"https:\/\/physio-bueren.ch\/wp\/index.php?rest_route=\/wp\/v2\/pages\/38"}],"collection":[{"href":"https:\/\/physio-bueren.ch\/wp\/index.php?rest_route=\/wp\/v2\/pages"}],"about":[{"href":"https:\/\/physio-bueren.ch\/wp\/index.php?rest_route=\/wp\/v2\/types\/page"}],"author":[{"embeddable":true,"href":"https:\/\/physio-bueren.ch\/wp\/index.php?rest_route=\/wp\/v2\/users\/1"}],"replies":[{"embeddable":true,"href":"https:\/\/physio-bueren.ch\/wp\/index.php?rest_route=%2Fwp%2Fv2%2Fcomments&post=38"}],"version-history":[{"count":2,"href":"https:\/\/physio-bueren.ch\/wp\/index.php?rest_route=\/wp\/v2\/pages\/38\/revisions"}],"predecessor-version":[{"id":201,"href":"https:\/\/physio-bueren.ch\/wp\/index.php?rest_route=\/wp\/v2\/pages\/38\/revisions\/201"}],"wp:attachment":[{"href":"https:\/\/physio-bueren.ch\/wp\/index.php?rest_route=%2Fwp%2Fv2%2Fmedia&parent=38"}],"curies":[{"name":"wp","href":"https:\/\/api.w.org\/{rel}","templated":true}]}}